{"id":803,"date":"2025-07-10T20:46:30","date_gmt":"2025-07-10T23:46:30","guid":{"rendered":"https:\/\/premoldwea.com\/?page_id=803"},"modified":"2025-07-10T21:06:23","modified_gmt":"2025-07-11T00:06:23","slug":"solicite-um-orcamento","status":"publish","type":"page","link":"https:\/\/premoldwea.com\/index.php\/solicite-um-orcamento\/","title":{"rendered":""},"content":{"rendered":"\t\t<div data-elementor-type=\"wp-page\" data-elementor-id=\"803\" class=\"elementor elementor-803\">\n\t\t\t\t<div class=\"elementor-element elementor-element-e9fb259 e-flex e-con-boxed wpr-particle-no wpr-jarallax-no wpr-parallax-no wpr-sticky-section-no wpr-column-slider-no wpr-equal-height-no e-con e-parent\" data-id=\"e9fb259\" data-element_type=\"container\" data-e-type=\"container\">\n\t\t\t\t\t<div class=\"e-con-inner\">\n\t\t\t\t<div class=\"elementor-element elementor-element-fd2f499 elementor-widget elementor-widget-heading\" data-id=\"fd2f499\" data-element_type=\"widget\" data-e-type=\"widget\" data-widget_type=\"heading.default\">\n\t\t\t\t<div class=\"elementor-widget-container\">\n\t\t\t\t\t<h2 class=\"elementor-heading-title elementor-size-default\">Preencha o formul\u00e1rio e aguarde nosso contato<\/h2>\t\t\t\t<\/div>\n\t\t\t\t<\/div>\n\t\t\t\t<div class=\"elementor-element elementor-element-58904ee elementor-widget elementor-widget-wpforms\" data-id=\"58904ee\" data-element_type=\"widget\" data-e-type=\"widget\" data-widget_type=\"wpforms.default\">\n\t\t\t\t<div class=\"elementor-widget-container\">\n\t\t\t\t\t<style id=\"wpforms-css-vars-elementor-widget-58904ee\">\n\t\t\t\t.elementor-widget-wpforms.elementor-element-58904ee {\n\t\t\t\t--wpforms-field-background-color: #FFFFFF;\n--wpforms-field-text-color: #000000;\n--wpforms-label-color: #FFFFFFD9;\n--wpforms-label-sublabel-color: #FFFFFF8C;\n\n\t\t\t}\n\t\t\t<\/style><div class=\"wpforms-container wpforms-container-full wpforms-render-modern\" id=\"wpforms-800\"><form id=\"wpforms-form-800\" class=\"wpforms-validate wpforms-form wpforms-ajax-form\" data-formid=\"800\" method=\"post\" enctype=\"multipart\/form-data\" action=\"\/index.php\/wp-json\/wp\/v2\/pages\/803\" data-token=\"4a9f4f37da691b5413749f877520c8c4\" data-token-time=\"1778769980\"><noscript class=\"wpforms-error-noscript\">Ative o JavaScript no seu navegador para preencher este formul\u00e1rio.<\/noscript><div id=\"wpforms-error-noscript\" style=\"display: none;\">Ative o JavaScript no seu navegador para preencher este formul\u00e1rio.<\/div><div class=\"wpforms-field-container\"><div id=\"wpforms-800-field_1-container\" class=\"wpforms-field wpforms-field-name\" data-field-id=\"1\"><fieldset><legend class=\"wpforms-field-label\">Nome <span class=\"wpforms-required-label\" aria-hidden=\"true\">*<\/span><\/legend><div class=\"wpforms-field-row wpforms-field-medium\"><div class=\"wpforms-field-row-block wpforms-first wpforms-one-half\"><input type=\"text\" id=\"wpforms-800-field_1\" class=\"wpforms-field-name-first wpforms-field-required\" name=\"wpforms[fields][1][first]\" aria-errormessage=\"wpforms-800-field_1-error\" required><label for=\"wpforms-800-field_1\" class=\"wpforms-field-sublabel after\">Nome<\/label><\/div><div class=\"wpforms-field-row-block wpforms-one-half\"><input type=\"text\" id=\"wpforms-800-field_1-last\" class=\"wpforms-field-name-last wpforms-field-required\" name=\"wpforms[fields][1][last]\" aria-errormessage=\"wpforms-800-field_1-last-error\" required><label for=\"wpforms-800-field_1-last\" class=\"wpforms-field-sublabel after\">Sobrenome<\/label><\/div><\/div><\/fieldset><\/div><div id=\"wpforms-800-field_4-container\" class=\"wpforms-field wpforms-field-number\" data-field-id=\"4\"><label class=\"wpforms-field-label\" for=\"wpforms-800-field_4\">Telefone <span class=\"wpforms-required-label\" aria-hidden=\"true\">*<\/span><\/label><input type=\"number\" id=\"wpforms-800-field_4\" class=\"wpforms-field-medium wpforms-field-required\" name=\"wpforms[fields][4]\" step=\"any\" aria-errormessage=\"wpforms-800-field_4-error\" required><\/div><div id=\"wpforms-800-field_8-container\" class=\"wpforms-field wpforms-field-text\" data-field-id=\"8\"><label class=\"wpforms-field-label\" for=\"wpforms-800-field_8\">Cidade<\/label><input type=\"text\" id=\"wpforms-800-field_8\" class=\"wpforms-field-medium\" name=\"wpforms[fields][8]\" aria-errormessage=\"wpforms-800-field_8-error\" ><\/div><div id=\"wpforms-800-field_2-container\" class=\"wpforms-field wpforms-field-email\" data-field-id=\"2\"><label class=\"wpforms-field-label\" for=\"wpforms-800-field_2\">E-mail<\/label><input type=\"email\" id=\"wpforms-800-field_2\" class=\"wpforms-field-medium\" name=\"wpforms[fields][2]\" spellcheck=\"false\" aria-errormessage=\"wpforms-800-field_2-error\" ><\/div>\t\t<div id=\"wpforms-800-field_5-container\"\n\t\t\tclass=\"wpforms-field wpforms-field-text\"\n\t\t\tdata-field-type=\"text\"\n\t\t\tdata-field-id=\"5\"\n\t\t\t>\n\t\t\t<label class=\"wpforms-field-label\" for=\"wpforms-800-field_5\" >Telefone Coment\u00e1rio E-mail<\/label>\n\t\t\t<input type=\"text\" id=\"wpforms-800-field_5\" class=\"wpforms-field-medium\" name=\"wpforms[fields][5]\" >\n\t\t<\/div>\n\t\t<div id=\"wpforms-800-field_3-container\" class=\"wpforms-field wpforms-field-textarea\" data-field-id=\"3\"><label class=\"wpforms-field-label\" for=\"wpforms-800-field_3\">Coment\u00e1rio ou Mensagem<\/label><textarea id=\"wpforms-800-field_3\" class=\"wpforms-field-medium\" name=\"wpforms[fields][3]\" aria-errormessage=\"wpforms-800-field_3-error\" ><\/textarea><\/div><script>\n\t\t\t\t( function() {\n\t\t\t\t\tconst style = document.createElement( 'style' );\n\t\t\t\t\tstyle.appendChild( document.createTextNode( '#wpforms-800-field_5-container { position: absolute !important; overflow: hidden !important; display: inline !important; height: 1px !important; width: 1px !important; z-index: -1000 !important; padding: 0 !important; } #wpforms-800-field_5-container input { visibility: hidden; } #wpforms-conversational-form-page #wpforms-800-field_5-container label { counter-increment: none; }' ) );\n\t\t\t\t\tdocument.head.appendChild( style );\n\t\t\t\t\tdocument.currentScript?.remove();\n\t\t\t\t} )();\n\t\t\t<\/script><\/div><!-- .wpforms-field-container --><div class=\"wpforms-submit-container\" ><input type=\"hidden\" name=\"wpforms[id]\" value=\"800\"><input type=\"hidden\" name=\"page_title\" value=\"\"><input type=\"hidden\" name=\"page_url\" value=\"https:\/\/premoldwea.com\/index.php\/wp-json\/wp\/v2\/pages\/803\"><input type=\"hidden\" name=\"url_referer\" value=\"\"><button type=\"submit\" name=\"wpforms[submit]\" id=\"wpforms-submit-800\" class=\"wpforms-submit\" data-alt-text=\"Enviando\u2026\" data-submit-text=\"Enviar\" aria-live=\"assertive\" value=\"wpforms-submit\">Enviar<\/button><img decoding=\"async\" src=\"https:\/\/premoldwea.com\/wp-content\/plugins\/wpforms-lite\/assets\/images\/submit-spin.svg\" class=\"wpforms-submit-spinner\" style=\"display: none;\" width=\"26\" height=\"26\" alt=\"Carregando\"><\/div><\/form><\/div>  <!-- .wpforms-container -->\t\t\t\t<\/div>\n\t\t\t\t<\/div>\n\t\t\t\t\t<\/div>\n\t\t\t\t<\/div>\n\t\t\t\t<\/div>\n\t\t","protected":false},"excerpt":{"rendered":"<p>Preencha o formul\u00e1rio e aguarde nosso contato Ative o JavaScript no seu navegador para preencher este formul\u00e1rio.Ative o JavaScript no seu navegador para preencher este formul\u00e1rio. Nome * NomeSobrenome E-mail *Coment\u00e1rio ou Mensagem Enviar<\/p>\n","protected":false},"author":1,"featured_media":0,"parent":0,"menu_order":0,"comment_status":"closed","ping_status":"closed","template":"","meta":{"_joinchat":[],"footnotes":""},"class_list":["post-803","page","type-page","status-publish","hentry"],"yoast_head":"<!-- This site is optimized with the Yoast SEO plugin v27.6 - https:\/\/yoast.com\/product\/yoast-seo-wordpress\/ -->\n<title>- W&amp;A Estruturas Pr\u00e9-Moldadas<\/title>\n<meta name=\"robots\" content=\"index, follow, max-snippet:-1, max-image-preview:large, max-video-preview:-1\" \/>\n<link rel=\"canonical\" href=\"https:\/\/premoldwea.com\/index.php\/solicite-um-orcamento\/\" \/>\n<meta property=\"og:locale\" content=\"pt_BR\" \/>\n<meta property=\"og:type\" content=\"article\" \/>\n<meta property=\"og:title\" content=\"- W&amp;A Estruturas Pr\u00e9-Moldadas\" \/>\n<meta property=\"og:description\" content=\"Preencha o formul\u00e1rio e aguarde nosso contato Ative o JavaScript no seu navegador para preencher este formul\u00e1rio.Ative o JavaScript no seu navegador para preencher este formul\u00e1rio. Nome * NomeSobrenome E-mail *Coment\u00e1rio ou Mensagem Enviar\" \/>\n<meta property=\"og:url\" content=\"https:\/\/premoldwea.com\/index.php\/solicite-um-orcamento\/\" \/>\n<meta property=\"og:site_name\" content=\"W&amp;A Estruturas Pr\u00e9-Moldadas\" \/>\n<meta property=\"article:publisher\" content=\"https:\/\/www.facebook.com\/people\/Premold-WeA\/61553744331240\/?sfnsn=wiwspwa&amp;mibextid=RUbZ1f\" \/>\n<meta property=\"article:modified_time\" content=\"2025-07-11T00:06:23+00:00\" \/>\n<meta property=\"og:image\" content=\"https:\/\/premoldwea.com\/wp-content\/plugins\/wpforms-lite\/assets\/images\/submit-spin.svg\" \/>\n<meta name=\"twitter:card\" content=\"summary_large_image\" \/>\n<meta name=\"twitter:label1\" content=\"Est. tempo de leitura\" \/>\n\t<meta name=\"twitter:data1\" content=\"1 minuto\" \/>\n<script type=\"application\/ld+json\" class=\"yoast-schema-graph\">{\"@context\":\"https:\\\/\\\/schema.org\",\"@graph\":[{\"@type\":\"WebPage\",\"@id\":\"https:\\\/\\\/premoldwea.com\\\/index.php\\\/solicite-um-orcamento\\\/\",\"url\":\"https:\\\/\\\/premoldwea.com\\\/index.php\\\/solicite-um-orcamento\\\/\",\"name\":\"- W&amp;A Estruturas Pr\u00e9-Moldadas\",\"isPartOf\":{\"@id\":\"https:\\\/\\\/premoldwea.com\\\/#website\"},\"primaryImageOfPage\":{\"@id\":\"https:\\\/\\\/premoldwea.com\\\/index.php\\\/solicite-um-orcamento\\\/#primaryimage\"},\"image\":{\"@id\":\"https:\\\/\\\/premoldwea.com\\\/index.php\\\/solicite-um-orcamento\\\/#primaryimage\"},\"thumbnailUrl\":\"https:\\\/\\\/premoldwea.com\\\/wp-content\\\/plugins\\\/wpforms-lite\\\/assets\\\/images\\\/submit-spin.svg\",\"datePublished\":\"2025-07-10T23:46:30+00:00\",\"dateModified\":\"2025-07-11T00:06:23+00:00\",\"inLanguage\":\"pt-BR\",\"potentialAction\":[{\"@type\":\"ReadAction\",\"target\":[\"https:\\\/\\\/premoldwea.com\\\/index.php\\\/solicite-um-orcamento\\\/\"]}]},{\"@type\":\"ImageObject\",\"inLanguage\":\"pt-BR\",\"@id\":\"https:\\\/\\\/premoldwea.com\\\/index.php\\\/solicite-um-orcamento\\\/#primaryimage\",\"url\":\"https:\\\/\\\/premoldwea.com\\\/wp-content\\\/plugins\\\/wpforms-lite\\\/assets\\\/images\\\/submit-spin.svg\",\"contentUrl\":\"https:\\\/\\\/premoldwea.com\\\/wp-content\\\/plugins\\\/wpforms-lite\\\/assets\\\/images\\\/submit-spin.svg\"},{\"@type\":\"WebSite\",\"@id\":\"https:\\\/\\\/premoldwea.com\\\/#website\",\"url\":\"https:\\\/\\\/premoldwea.com\\\/\",\"name\":\"W&A Estruturas Pr\u00e9-Moldadas\",\"description\":\"\",\"publisher\":{\"@id\":\"https:\\\/\\\/premoldwea.com\\\/#organization\"},\"alternateName\":\"premold wea\",\"potentialAction\":[{\"@type\":\"SearchAction\",\"target\":{\"@type\":\"EntryPoint\",\"urlTemplate\":\"https:\\\/\\\/premoldwea.com\\\/?s={search_term_string}\"},\"query-input\":{\"@type\":\"PropertyValueSpecification\",\"valueRequired\":true,\"valueName\":\"search_term_string\"}}],\"inLanguage\":\"pt-BR\"},{\"@type\":\"Organization\",\"@id\":\"https:\\\/\\\/premoldwea.com\\\/#organization\",\"name\":\"W&A Estruturas Pr\u00e9-Moldadas\",\"alternateName\":\"Premold wea\",\"url\":\"https:\\\/\\\/premoldwea.com\\\/\",\"logo\":{\"@type\":\"ImageObject\",\"inLanguage\":\"pt-BR\",\"@id\":\"https:\\\/\\\/premoldwea.com\\\/#\\\/schema\\\/logo\\\/image\\\/\",\"url\":\"https:\\\/\\\/premoldwea.com\\\/wp-content\\\/uploads\\\/2024\\\/01\\\/somente_logo_editado.png\",\"contentUrl\":\"https:\\\/\\\/premoldwea.com\\\/wp-content\\\/uploads\\\/2024\\\/01\\\/somente_logo_editado.png\",\"width\":530,\"height\":500,\"caption\":\"W&A Estruturas Pr\u00e9-Moldadas\"},\"image\":{\"@id\":\"https:\\\/\\\/premoldwea.com\\\/#\\\/schema\\\/logo\\\/image\\\/\"},\"sameAs\":[\"https:\\\/\\\/www.facebook.com\\\/people\\\/Premold-WeA\\\/61553744331240\\\/?sfnsn=wiwspwa&mibextid=RUbZ1f\",\"https:\\\/\\\/www.instagram.com\\\/premold_wea\\\/\"]}]}<\/script>\n<!-- \/ Yoast SEO plugin. -->","yoast_head_json":{"title":"- W&amp;A Estruturas Pr\u00e9-Moldadas","robots":{"index":"index","follow":"follow","max-snippet":"max-snippet:-1","max-image-preview":"max-image-preview:large","max-video-preview":"max-video-preview:-1"},"canonical":"https:\/\/premoldwea.com\/index.php\/solicite-um-orcamento\/","og_locale":"pt_BR","og_type":"article","og_title":"- W&amp;A Estruturas Pr\u00e9-Moldadas","og_description":"Preencha o formul\u00e1rio e aguarde nosso contato Ative o JavaScript no seu navegador para preencher este formul\u00e1rio.Ative o JavaScript no seu navegador para preencher este formul\u00e1rio. Nome * NomeSobrenome E-mail *Coment\u00e1rio ou Mensagem Enviar","og_url":"https:\/\/premoldwea.com\/index.php\/solicite-um-orcamento\/","og_site_name":"W&amp;A Estruturas Pr\u00e9-Moldadas","article_publisher":"https:\/\/www.facebook.com\/people\/Premold-WeA\/61553744331240\/?sfnsn=wiwspwa&mibextid=RUbZ1f","article_modified_time":"2025-07-11T00:06:23+00:00","og_image":[{"url":"https:\/\/premoldwea.com\/wp-content\/plugins\/wpforms-lite\/assets\/images\/submit-spin.svg","type":"","width":"","height":""}],"twitter_card":"summary_large_image","twitter_misc":{"Est. tempo de leitura":"1 minuto"},"schema":{"@context":"https:\/\/schema.org","@graph":[{"@type":"WebPage","@id":"https:\/\/premoldwea.com\/index.php\/solicite-um-orcamento\/","url":"https:\/\/premoldwea.com\/index.php\/solicite-um-orcamento\/","name":"- W&amp;A Estruturas Pr\u00e9-Moldadas","isPartOf":{"@id":"https:\/\/premoldwea.com\/#website"},"primaryImageOfPage":{"@id":"https:\/\/premoldwea.com\/index.php\/solicite-um-orcamento\/#primaryimage"},"image":{"@id":"https:\/\/premoldwea.com\/index.php\/solicite-um-orcamento\/#primaryimage"},"thumbnailUrl":"https:\/\/premoldwea.com\/wp-content\/plugins\/wpforms-lite\/assets\/images\/submit-spin.svg","datePublished":"2025-07-10T23:46:30+00:00","dateModified":"2025-07-11T00:06:23+00:00","inLanguage":"pt-BR","potentialAction":[{"@type":"ReadAction","target":["https:\/\/premoldwea.com\/index.php\/solicite-um-orcamento\/"]}]},{"@type":"ImageObject","inLanguage":"pt-BR","@id":"https:\/\/premoldwea.com\/index.php\/solicite-um-orcamento\/#primaryimage","url":"https:\/\/premoldwea.com\/wp-content\/plugins\/wpforms-lite\/assets\/images\/submit-spin.svg","contentUrl":"https:\/\/premoldwea.com\/wp-content\/plugins\/wpforms-lite\/assets\/images\/submit-spin.svg"},{"@type":"WebSite","@id":"https:\/\/premoldwea.com\/#website","url":"https:\/\/premoldwea.com\/","name":"W&A Estruturas Pr\u00e9-Moldadas","description":"","publisher":{"@id":"https:\/\/premoldwea.com\/#organization"},"alternateName":"premold wea","potentialAction":[{"@type":"SearchAction","target":{"@type":"EntryPoint","urlTemplate":"https:\/\/premoldwea.com\/?s={search_term_string}"},"query-input":{"@type":"PropertyValueSpecification","valueRequired":true,"valueName":"search_term_string"}}],"inLanguage":"pt-BR"},{"@type":"Organization","@id":"https:\/\/premoldwea.com\/#organization","name":"W&A Estruturas Pr\u00e9-Moldadas","alternateName":"Premold wea","url":"https:\/\/premoldwea.com\/","logo":{"@type":"ImageObject","inLanguage":"pt-BR","@id":"https:\/\/premoldwea.com\/#\/schema\/logo\/image\/","url":"https:\/\/premoldwea.com\/wp-content\/uploads\/2024\/01\/somente_logo_editado.png","contentUrl":"https:\/\/premoldwea.com\/wp-content\/uploads\/2024\/01\/somente_logo_editado.png","width":530,"height":500,"caption":"W&A Estruturas Pr\u00e9-Moldadas"},"image":{"@id":"https:\/\/premoldwea.com\/#\/schema\/logo\/image\/"},"sameAs":["https:\/\/www.facebook.com\/people\/Premold-WeA\/61553744331240\/?sfnsn=wiwspwa&mibextid=RUbZ1f","https:\/\/www.instagram.com\/premold_wea\/"]}]}},"_links":{"self":[{"href":"https:\/\/premoldwea.com\/index.php\/wp-json\/wp\/v2\/pages\/803","targetHints":{"allow":["GET"]}}],"collection":[{"href":"https:\/\/premoldwea.com\/index.php\/wp-json\/wp\/v2\/pages"}],"about":[{"href":"https:\/\/premoldwea.com\/index.php\/wp-json\/wp\/v2\/types\/page"}],"author":[{"embeddable":true,"href":"https:\/\/premoldwea.com\/index.php\/wp-json\/wp\/v2\/users\/1"}],"replies":[{"embeddable":true,"href":"https:\/\/premoldwea.com\/index.php\/wp-json\/wp\/v2\/comments?post=803"}],"version-history":[{"count":32,"href":"https:\/\/premoldwea.com\/index.php\/wp-json\/wp\/v2\/pages\/803\/revisions"}],"predecessor-version":[{"id":842,"href":"https:\/\/premoldwea.com\/index.php\/wp-json\/wp\/v2\/pages\/803\/revisions\/842"}],"wp:attachment":[{"href":"https:\/\/premoldwea.com\/index.php\/wp-json\/wp\/v2\/media?parent=803"}],"curies":[{"name":"wp","href":"https:\/\/api.w.org\/{rel}","templated":true}]}}